{"id":4528,"date":"2025-06-23T07:58:26","date_gmt":"2025-06-23T07:58:26","guid":{"rendered":"https:\/\/flatrat.shop\/?post_type=product&#038;p=4528"},"modified":"2025-08-12T17:08:28","modified_gmt":"2025-08-12T17:08:28","slug":"acqua-di-gio-profondo","status":"publish","type":"product","link":"https:\/\/flatrat.shop\/?product=acqua-di-gio-profondo","title":{"rendered":"Acqua Di Gio Profondo"},"content":{"rendered":"<p>Acqua di Gi\u00f2 Profondo ka nj\u00eb arom\u00eb t\u00eb fresk\u00ebt, t\u00eb thell\u00eb dhe mashkullore. Hapet me nota t\u00eb gjalla deti dhe bergamoti, pastaj zbutet me lavand\u00eb dhe rozmarin\u00eb, duke dh\u00ebn\u00eb nj\u00eb ndjesi past\u00ebrtie dhe elegance. Baza \u00ebsht\u00eb e ngroht\u00eb, me patchouli dhe qelibar t\u00eb err\u00ebt, q\u00eb i jep nj\u00eb ndjenj\u00eb thell\u00ebsie dhe sensualiteti.<\/p>\n<p>Si aroma e detit n\u00eb nj\u00eb nat\u00eb elegante dhe e fresk\u00ebt.<\/p>\n","protected":false},"excerpt":{"rendered":"<p>Acqua di Gi\u00f2 Profondo ka nj\u00eb arom\u00eb t\u00eb fresk\u00ebt, t\u00eb thell\u00eb dhe mashkullore. Hapet me nota t\u00eb gjalla deti dhe bergamoti, pastaj zbutet me lavand\u00eb dhe rozmarin\u00eb, duke dh\u00ebn\u00eb nj\u00eb ndjesi past\u00ebrtie dhe elegance. Baza \u00ebsht\u00eb e ngroht\u00eb, me patchouli dhe qelibar t\u00eb err\u00ebt, q\u00eb i jep nj\u00eb ndjenj\u00eb thell\u00ebsie dhe sensualiteti. Si aroma e [&hellip;]<\/p>\n","protected":false},"featured_media":4538,"template":"","meta":{"_surecart_dashboard_logo_width":"180px","_surecart_dashboard_show_logo":true,"_surecart_dashboard_navigation_orders":true,"_surecart_dashboard_navigation_subscriptions":true,"_surecart_dashboard_navigation_downloads":true,"_surecart_dashboard_navigation_billing":true,"_surecart_dashboard_navigation_account":true,"site-sidebar-layout":"default","site-content-layout":"","ast-site-content-layout":"default","site-content-style":"default","site-sidebar-style":"default","ast-global-header-display":"","ast-banner-title-visibility":"","ast-main-header-display":"","ast-hfb-above-header-display":"","ast-hfb-below-header-display":"","ast-hfb-mobile-header-display":"","site-post-title":"","ast-breadcrumbs-content":"","ast-featured-img":"","footer-sml-layout":"","theme-transparent-header-meta":"default","adv-header-id-meta":"","stick-header-meta":"","header-above-stick-meta":"","header-main-stick-meta":"","header-below-stick-meta":"","astra-migrate-meta-layouts":"set","ast-page-background-enabled":"default","ast-page-background-meta":{"desktop":{"background-color":"var(--ast-global-color-4)","background-image":"","background-repeat":"repeat","background-position":"center center","background-size":"auto","background-attachment":"scroll","background-type":"","background-media":"","overlay-type":"","overlay-color":"","overlay-opacity":"","overlay-gradient":""},"tablet":{"background-color":"","background-image":"","background-repeat":"repeat","background-position":"center center","background-size":"auto","background-attachment":"scroll","background-type":"","background-media":"","overlay-type":"","overlay-color":"","overlay-opacity":"","overlay-gradient":""},"mobile":{"background-color":"","background-image":"","background-repeat":"repeat","background-position":"center center","background-size":"auto","background-attachment":"scroll","background-type":"","background-media":"","overlay-type":"","overlay-color":"","overlay-opacity":"","overlay-gradient":""}},"ast-content-background-meta":{"desktop":{"background-color":"var(--ast-global-color-5)","background-image":"","background-repeat":"repeat","background-position":"center center","background-size":"auto","background-attachment":"scroll","background-type":"","background-media":"","overlay-type":"","overlay-color":"","overlay-opacity":"","overlay-gradient":""},"tablet":{"background-color":"var(--ast-global-color-5)","background-image":"","background-repeat":"repeat","background-position":"center center","background-size":"auto","background-attachment":"scroll","background-type":"","background-media":"","overlay-type":"","overlay-color":"","overlay-opacity":"","overlay-gradient":""},"mobile":{"background-color":"var(--ast-global-color-5)","background-image":"","background-repeat":"repeat","background-position":"center center","background-size":"auto","background-attachment":"scroll","background-type":"","background-media":"","overlay-type":"","overlay-color":"","overlay-opacity":"","overlay-gradient":""}}},"product_brand":[],"product_cat":[39,41],"product_tag":[],"class_list":{"0":"post-4528","1":"product","2":"type-product","3":"status-publish","4":"has-post-thumbnail","6":"product_cat-parfume","7":"product_cat-parfume-meshkuj","8":"desktop-align-left","9":"tablet-align-left","10":"mobile-align-left","12":"first","13":"instock","14":"shipping-taxable","15":"purchasable","16":"product-type-variable"},"_links":{"self":[{"href":"https:\/\/flatrat.shop\/index.php?rest_route=\/wp\/v2\/product\/4528","targetHints":{"allow":["GET"]}}],"collection":[{"href":"https:\/\/flatrat.shop\/index.php?rest_route=\/wp\/v2\/product"}],"about":[{"href":"https:\/\/flatrat.shop\/index.php?rest_route=\/wp\/v2\/types\/product"}],"wp:featuredmedia":[{"embeddable":true,"href":"https:\/\/flatrat.shop\/index.php?rest_route=\/wp\/v2\/media\/4538"}],"wp:attachment":[{"href":"https:\/\/flatrat.shop\/index.php?rest_route=%2Fwp%2Fv2%2Fmedia&parent=4528"}],"wp:term":[{"taxonomy":"product_brand","embeddable":true,"href":"https:\/\/flatrat.shop\/index.php?rest_route=%2Fwp%2Fv2%2Fproduct_brand&post=4528"},{"taxonomy":"product_cat","embeddable":true,"href":"https:\/\/flatrat.shop\/index.php?rest_route=%2Fwp%2Fv2%2Fproduct_cat&post=4528"},{"taxonomy":"product_tag","embeddable":true,"href":"https:\/\/flatrat.shop\/index.php?rest_route=%2Fwp%2Fv2%2Fproduct_tag&post=4528"}],"curies":[{"name":"wp","href":"https:\/\/api.w.org\/{rel}","templated":true}]}}