{"id":4478,"date":"2025-05-30T14:07:09","date_gmt":"2025-05-30T14:07:09","guid":{"rendered":"https:\/\/flatrat.shop\/?post_type=product&#038;p=4478"},"modified":"2025-05-30T14:08:58","modified_gmt":"2025-05-30T14:08:58","slug":"armani-code","status":"publish","type":"product","link":"https:\/\/flatrat.shop\/?product=armani-code","title":{"rendered":"Armani Code"},"content":{"rendered":"<p>Parfumi Armani Code p\u00ebr meshkuj \u00ebsht\u00eb nj\u00eb nga aromat m\u00eb ikonike dhe elegante t\u00eb mark\u00ebs Giorgio Armani. Ai p\u00ebrfaq\u00ebson sofistikimin klasik mashkullor, me nj\u00eb prekje misterioze dhe sensuale.<\/p>\n<p>\ud83d\udcac<span class=\"Apple-converted-space\">\u00a0<\/span><\/p>\n<p>Si p\u00ebrjetohet aroma?<\/p>\n<ul>\n<li>Mashkullore, elegante, misterioze dhe klasike.<\/li>\n<li>Jep ndjesin\u00eb e nj\u00eb burri t\u00eb pjekur, me vet\u00ebbesim dhe stil.<\/li>\n<li>E p\u00ebrkryer p\u00ebr mbr\u00ebmje, dalje romantike ose evente formale.<\/li>\n<li>Nuk \u00ebsht\u00eb shum\u00eb e zhurmshme \u2013 \u00ebsht\u00eb m\u00eb intime dhe af\u00ebr l\u00ebkur\u00ebs, gj\u00eb q\u00eb e b\u00ebn ideale p\u00ebr raste ku d\u00ebshiron t\u00eb t\u00eb ndjejn\u00eb nga af\u00ebr, jo nga larg.<\/li>\n<\/ul>\n","protected":false},"excerpt":{"rendered":"<p>Parfumi Armani Code p\u00ebr meshkuj \u00ebsht\u00eb nj\u00eb nga aromat m\u00eb ikonike dhe elegante t\u00eb mark\u00ebs Giorgio Armani. Ai p\u00ebrfaq\u00ebson sofistikimin klasik mashkullor, me nj\u00eb prekje misterioze dhe sensuale. \ud83d\udcac\u00a0 Si p\u00ebrjetohet aroma? Mashkullore, elegante, misterioze dhe klasike. Jep ndjesin\u00eb e nj\u00eb burri t\u00eb pjekur, me vet\u00ebbesim dhe stil. E p\u00ebrkryer p\u00ebr mbr\u00ebmje, dalje romantike ose [&hellip;]<\/p>\n","protected":false},"featured_media":4488,"template":"","meta":{"_surecart_dashboard_logo_width":"180px","_surecart_dashboard_show_logo":true,"_surecart_dashboard_navigation_orders":true,"_surecart_dashboard_navigation_subscriptions":true,"_surecart_dashboard_navigation_downloads":true,"_surecart_dashboard_navigation_billing":true,"_surecart_dashboard_navigation_account":true,"site-sidebar-layout":"default","site-content-layout":"","ast-site-content-layout":"default","site-content-style":"default","site-sidebar-style":"default","ast-global-header-display":"","ast-banner-title-visibility":"","ast-main-header-display":"","ast-hfb-above-header-display":"","ast-hfb-below-header-display":"","ast-hfb-mobile-header-display":"","site-post-title":"","ast-breadcrumbs-content":"","ast-featured-img":"","footer-sml-layout":"","theme-transparent-header-meta":"default","adv-header-id-meta":"","stick-header-meta":"","header-above-stick-meta":"","header-main-stick-meta":"","header-below-stick-meta":"","astra-migrate-meta-layouts":"set","ast-page-background-enabled":"default","ast-page-background-meta":{"desktop":{"background-color":"var(--ast-global-color-4)","background-image":"","background-repeat":"repeat","background-position":"center center","background-size":"auto","background-attachment":"scroll","background-type":"","background-media":"","overlay-type":"","overlay-color":"","overlay-opacity":"","overlay-gradient":""},"tablet":{"background-color":"","background-image":"","background-repeat":"repeat","background-position":"center center","background-size":"auto","background-attachment":"scroll","background-type":"","background-media":"","overlay-type":"","overlay-color":"","overlay-opacity":"","overlay-gradient":""},"mobile":{"background-color":"","background-image":"","background-repeat":"repeat","background-position":"center center","background-size":"auto","background-attachment":"scroll","background-type":"","background-media":"","overlay-type":"","overlay-color":"","overlay-opacity":"","overlay-gradient":""}},"ast-content-background-meta":{"desktop":{"background-color":"var(--ast-global-color-5)","background-image":"","background-repeat":"repeat","background-position":"center center","background-size":"auto","background-attachment":"scroll","background-type":"","background-media":"","overlay-type":"","overlay-color":"","overlay-opacity":"","overlay-gradient":""},"tablet":{"background-color":"var(--ast-global-color-5)","background-image":"","background-repeat":"repeat","background-position":"center center","background-size":"auto","background-attachment":"scroll","background-type":"","background-media":"","overlay-type":"","overlay-color":"","overlay-opacity":"","overlay-gradient":""},"mobile":{"background-color":"var(--ast-global-color-5)","background-image":"","background-repeat":"repeat","background-position":"center center","background-size":"auto","background-attachment":"scroll","background-type":"","background-media":"","overlay-type":"","overlay-color":"","overlay-opacity":"","overlay-gradient":""}}},"product_brand":[],"product_cat":[39,41],"product_tag":[],"class_list":{"0":"post-4478","1":"product","2":"type-product","3":"status-publish","4":"has-post-thumbnail","6":"product_cat-parfume","7":"product_cat-parfume-meshkuj","8":"desktop-align-left","9":"tablet-align-left","10":"mobile-align-left","12":"first","13":"instock","14":"shipping-taxable","15":"purchasable","16":"product-type-variable"},"_links":{"self":[{"href":"https:\/\/flatrat.shop\/index.php?rest_route=\/wp\/v2\/product\/4478","targetHints":{"allow":["GET"]}}],"collection":[{"href":"https:\/\/flatrat.shop\/index.php?rest_route=\/wp\/v2\/product"}],"about":[{"href":"https:\/\/flatrat.shop\/index.php?rest_route=\/wp\/v2\/types\/product"}],"wp:featuredmedia":[{"embeddable":true,"href":"https:\/\/flatrat.shop\/index.php?rest_route=\/wp\/v2\/media\/4488"}],"wp:attachment":[{"href":"https:\/\/flatrat.shop\/index.php?rest_route=%2Fwp%2Fv2%2Fmedia&parent=4478"}],"wp:term":[{"taxonomy":"product_brand","embeddable":true,"href":"https:\/\/flatrat.shop\/index.php?rest_route=%2Fwp%2Fv2%2Fproduct_brand&post=4478"},{"taxonomy":"product_cat","embeddable":true,"href":"https:\/\/flatrat.shop\/index.php?rest_route=%2Fwp%2Fv2%2Fproduct_cat&post=4478"},{"taxonomy":"product_tag","embeddable":true,"href":"https:\/\/flatrat.shop\/index.php?rest_route=%2Fwp%2Fv2%2Fproduct_tag&post=4478"}],"curies":[{"name":"wp","href":"https:\/\/api.w.org\/{rel}","templated":true}]}}