{"id":4431,"date":"2025-04-27T14:26:22","date_gmt":"2025-04-27T14:26:22","guid":{"rendered":"https:\/\/flatrat.shop\/?post_type=product&#038;p=4431"},"modified":"2025-04-27T14:30:51","modified_gmt":"2025-04-27T14:30:51","slug":"dylan-blue","status":"publish","type":"product","link":"https:\/\/flatrat.shop\/?product=dylan-blue","title":{"rendered":"Dylan Blue"},"content":{"rendered":"<p>Versace Dylan Blue \u00ebsht\u00eb nj\u00eb parfum i fuqish\u00ebm, i sofistikuar dhe intensiv, me nj\u00eb p\u00ebrzierje t\u00eb fresk\u00ebt dhe t\u00eb ngroht\u00eb q\u00eb t\u00eb l\u00eb nj\u00eb p\u00ebrshtypje t\u00eb q\u00ebndrueshme.<\/p>\n<p>N\u00eb fillim, aroma \u00ebsht\u00eb freskuese dhe energjike, me nj\u00eb shp\u00ebrthim t\u00eb notave ujore, bergamot\u00ebs dhe grejpfrutit, q\u00eb krijojn\u00eb nj\u00eb ndjesi t\u00eb past\u00ebr dhe t\u00eb gjall\u00eb, si nj\u00eb freski deti n\u00eb nj\u00eb m\u00ebngjes veror.<\/p>\n<p>N\u00eb pak fjal\u00eb:<\/p>\n<ul>\n<li>Freski dhe energji n\u00eb fillim<\/li>\n<li>Sofistikim dhe misteriozitet n\u00eb zem\u00ebr<\/li>\n<li>Ngroht\u00ebsi dhe sensualitet n\u00eb fund<\/li>\n<\/ul>\n","protected":false},"excerpt":{"rendered":"<p>Versace Dylan Blue \u00ebsht\u00eb nj\u00eb parfum i fuqish\u00ebm, i sofistikuar dhe intensiv, me nj\u00eb p\u00ebrzierje t\u00eb fresk\u00ebt dhe t\u00eb ngroht\u00eb q\u00eb t\u00eb l\u00eb nj\u00eb p\u00ebrshtypje t\u00eb q\u00ebndrueshme. N\u00eb fillim, aroma \u00ebsht\u00eb freskuese dhe energjike, me nj\u00eb shp\u00ebrthim t\u00eb notave ujore, bergamot\u00ebs dhe grejpfrutit, q\u00eb krijojn\u00eb nj\u00eb ndjesi t\u00eb past\u00ebr dhe t\u00eb gjall\u00eb, si nj\u00eb freski [&hellip;]<\/p>\n","protected":false},"featured_media":4441,"template":"","meta":{"_surecart_dashboard_logo_width":"180px","_surecart_dashboard_show_logo":true,"_surecart_dashboard_navigation_orders":true,"_surecart_dashboard_navigation_subscriptions":true,"_surecart_dashboard_navigation_downloads":true,"_surecart_dashboard_navigation_billing":true,"_surecart_dashboard_navigation_account":true,"site-sidebar-layout":"default","site-content-layout":"","ast-site-content-layout":"default","site-content-style":"default","site-sidebar-style":"default","ast-global-header-display":"","ast-banner-title-visibility":"","ast-main-header-display":"","ast-hfb-above-header-display":"","ast-hfb-below-header-display":"","ast-hfb-mobile-header-display":"","site-post-title":"","ast-breadcrumbs-content":"","ast-featured-img":"","footer-sml-layout":"","theme-transparent-header-meta":"default","adv-header-id-meta":"","stick-header-meta":"","header-above-stick-meta":"","header-main-stick-meta":"","header-below-stick-meta":"","astra-migrate-meta-layouts":"set","ast-page-background-enabled":"default","ast-page-background-meta":{"desktop":{"background-color":"var(--ast-global-color-4)","background-image":"","background-repeat":"repeat","background-position":"center center","background-size":"auto","background-attachment":"scroll","background-type":"","background-media":"","overlay-type":"","overlay-color":"","overlay-opacity":"","overlay-gradient":""},"tablet":{"background-color":"","background-image":"","background-repeat":"repeat","background-position":"center center","background-size":"auto","background-attachment":"scroll","background-type":"","background-media":"","overlay-type":"","overlay-color":"","overlay-opacity":"","overlay-gradient":""},"mobile":{"background-color":"","background-image":"","background-repeat":"repeat","background-position":"center center","background-size":"auto","background-attachment":"scroll","background-type":"","background-media":"","overlay-type":"","overlay-color":"","overlay-opacity":"","overlay-gradient":""}},"ast-content-background-meta":{"desktop":{"background-color":"var(--ast-global-color-5)","background-image":"","background-repeat":"repeat","background-position":"center center","background-size":"auto","background-attachment":"scroll","background-type":"","background-media":"","overlay-type":"","overlay-color":"","overlay-opacity":"","overlay-gradient":""},"tablet":{"background-color":"var(--ast-global-color-5)","background-image":"","background-repeat":"repeat","background-position":"center center","background-size":"auto","background-attachment":"scroll","background-type":"","background-media":"","overlay-type":"","overlay-color":"","overlay-opacity":"","overlay-gradient":""},"mobile":{"background-color":"var(--ast-global-color-5)","background-image":"","background-repeat":"repeat","background-position":"center center","background-size":"auto","background-attachment":"scroll","background-type":"","background-media":"","overlay-type":"","overlay-color":"","overlay-opacity":"","overlay-gradient":""}}},"product_brand":[],"product_cat":[39,41],"product_tag":[],"class_list":{"0":"post-4431","1":"product","2":"type-product","3":"status-publish","4":"has-post-thumbnail","6":"product_cat-parfume","7":"product_cat-parfume-meshkuj","8":"desktop-align-left","9":"tablet-align-left","10":"mobile-align-left","12":"first","13":"instock","14":"shipping-taxable","15":"purchasable","16":"product-type-variable"},"_links":{"self":[{"href":"https:\/\/flatrat.shop\/index.php?rest_route=\/wp\/v2\/product\/4431","targetHints":{"allow":["GET"]}}],"collection":[{"href":"https:\/\/flatrat.shop\/index.php?rest_route=\/wp\/v2\/product"}],"about":[{"href":"https:\/\/flatrat.shop\/index.php?rest_route=\/wp\/v2\/types\/product"}],"wp:featuredmedia":[{"embeddable":true,"href":"https:\/\/flatrat.shop\/index.php?rest_route=\/wp\/v2\/media\/4441"}],"wp:attachment":[{"href":"https:\/\/flatrat.shop\/index.php?rest_route=%2Fwp%2Fv2%2Fmedia&parent=4431"}],"wp:term":[{"taxonomy":"product_brand","embeddable":true,"href":"https:\/\/flatrat.shop\/index.php?rest_route=%2Fwp%2Fv2%2Fproduct_brand&post=4431"},{"taxonomy":"product_cat","embeddable":true,"href":"https:\/\/flatrat.shop\/index.php?rest_route=%2Fwp%2Fv2%2Fproduct_cat&post=4431"},{"taxonomy":"product_tag","embeddable":true,"href":"https:\/\/flatrat.shop\/index.php?rest_route=%2Fwp%2Fv2%2Fproduct_tag&post=4431"}],"curies":[{"name":"wp","href":"https:\/\/api.w.org\/{rel}","templated":true}]}}