{"id":4420,"date":"2025-04-27T14:20:30","date_gmt":"2025-04-27T14:20:30","guid":{"rendered":"https:\/\/flatrat.shop\/?post_type=product&#038;p=4420"},"modified":"2025-04-27T14:26:04","modified_gmt":"2025-04-27T14:26:04","slug":"le-beau-paradise-garden","status":"publish","type":"product","link":"https:\/\/flatrat.shop\/?product=le-beau-paradise-garden","title":{"rendered":"Le Beau Paradise Garden"},"content":{"rendered":"<p>Ky parfum \u00ebsht\u00eb ideal p\u00ebr meshkujt q\u00eb k\u00ebrkojn\u00eb nj\u00eb arom\u00eb t\u00eb fresk\u00ebt, tropikale dhe sensuale. \u00cbsht\u00eb i p\u00ebrshtatsh\u00ebm p\u00ebr p\u00ebrdorim gjat\u00eb dit\u00ebve t\u00eb ngrohta t\u00eb pranver\u00ebs dhe ver\u00ebs, si dhe p\u00ebr mbr\u00ebmje t\u00eb ve\u00e7anta ku d\u00ebshirohet nj\u00eb prezenc\u00eb e paharrueshme.<\/p>\n","protected":false},"excerpt":{"rendered":"<p>Ky parfum \u00ebsht\u00eb ideal p\u00ebr meshkujt q\u00eb k\u00ebrkojn\u00eb nj\u00eb arom\u00eb t\u00eb fresk\u00ebt, tropikale dhe sensuale. \u00cbsht\u00eb i p\u00ebrshtatsh\u00ebm p\u00ebr p\u00ebrdorim gjat\u00eb dit\u00ebve t\u00eb ngrohta t\u00eb pranver\u00ebs dhe ver\u00ebs, si dhe p\u00ebr mbr\u00ebmje t\u00eb ve\u00e7anta ku d\u00ebshirohet nj\u00eb prezenc\u00eb e paharrueshme.<\/p>\n","protected":false},"featured_media":4430,"template":"","meta":{"_surecart_dashboard_logo_width":"180px","_surecart_dashboard_show_logo":true,"_surecart_dashboard_navigation_orders":true,"_surecart_dashboard_navigation_subscriptions":true,"_surecart_dashboard_navigation_downloads":true,"_surecart_dashboard_navigation_billing":true,"_surecart_dashboard_navigation_account":true,"site-sidebar-layout":"default","site-content-layout":"","ast-site-content-layout":"default","site-content-style":"default","site-sidebar-style":"default","ast-global-header-display":"","ast-banner-title-visibility":"","ast-main-header-display":"","ast-hfb-above-header-display":"","ast-hfb-below-header-display":"","ast-hfb-mobile-header-display":"","site-post-title":"","ast-breadcrumbs-content":"","ast-featured-img":"","footer-sml-layout":"","theme-transparent-header-meta":"default","adv-header-id-meta":"","stick-header-meta":"","header-above-stick-meta":"","header-main-stick-meta":"","header-below-stick-meta":"","astra-migrate-meta-layouts":"set","ast-page-background-enabled":"default","ast-page-background-meta":{"desktop":{"background-color":"var(--ast-global-color-4)","background-image":"","background-repeat":"repeat","background-position":"center center","background-size":"auto","background-attachment":"scroll","background-type":"","background-media":"","overlay-type":"","overlay-color":"","overlay-opacity":"","overlay-gradient":""},"tablet":{"background-color":"","background-image":"","background-repeat":"repeat","background-position":"center center","background-size":"auto","background-attachment":"scroll","background-type":"","background-media":"","overlay-type":"","overlay-color":"","overlay-opacity":"","overlay-gradient":""},"mobile":{"background-color":"","background-image":"","background-repeat":"repeat","background-position":"center center","background-size":"auto","background-attachment":"scroll","background-type":"","background-media":"","overlay-type":"","overlay-color":"","overlay-opacity":"","overlay-gradient":""}},"ast-content-background-meta":{"desktop":{"background-color":"var(--ast-global-color-5)","background-image":"","background-repeat":"repeat","background-position":"center center","background-size":"auto","background-attachment":"scroll","background-type":"","background-media":"","overlay-type":"","overlay-color":"","overlay-opacity":"","overlay-gradient":""},"tablet":{"background-color":"var(--ast-global-color-5)","background-image":"","background-repeat":"repeat","background-position":"center center","background-size":"auto","background-attachment":"scroll","background-type":"","background-media":"","overlay-type":"","overlay-color":"","overlay-opacity":"","overlay-gradient":""},"mobile":{"background-color":"var(--ast-global-color-5)","background-image":"","background-repeat":"repeat","background-position":"center center","background-size":"auto","background-attachment":"scroll","background-type":"","background-media":"","overlay-type":"","overlay-color":"","overlay-opacity":"","overlay-gradient":""}}},"product_brand":[],"product_cat":[39,41],"product_tag":[],"class_list":{"0":"post-4420","1":"product","2":"type-product","3":"status-publish","4":"has-post-thumbnail","6":"product_cat-parfume","7":"product_cat-parfume-meshkuj","8":"desktop-align-left","9":"tablet-align-left","10":"mobile-align-left","12":"first","13":"instock","14":"shipping-taxable","15":"purchasable","16":"product-type-variable"},"_links":{"self":[{"href":"https:\/\/flatrat.shop\/index.php?rest_route=\/wp\/v2\/product\/4420","targetHints":{"allow":["GET"]}}],"collection":[{"href":"https:\/\/flatrat.shop\/index.php?rest_route=\/wp\/v2\/product"}],"about":[{"href":"https:\/\/flatrat.shop\/index.php?rest_route=\/wp\/v2\/types\/product"}],"wp:featuredmedia":[{"embeddable":true,"href":"https:\/\/flatrat.shop\/index.php?rest_route=\/wp\/v2\/media\/4430"}],"wp:attachment":[{"href":"https:\/\/flatrat.shop\/index.php?rest_route=%2Fwp%2Fv2%2Fmedia&parent=4420"}],"wp:term":[{"taxonomy":"product_brand","embeddable":true,"href":"https:\/\/flatrat.shop\/index.php?rest_route=%2Fwp%2Fv2%2Fproduct_brand&post=4420"},{"taxonomy":"product_cat","embeddable":true,"href":"https:\/\/flatrat.shop\/index.php?rest_route=%2Fwp%2Fv2%2Fproduct_cat&post=4420"},{"taxonomy":"product_tag","embeddable":true,"href":"https:\/\/flatrat.shop\/index.php?rest_route=%2Fwp%2Fv2%2Fproduct_tag&post=4420"}],"curies":[{"name":"wp","href":"https:\/\/api.w.org\/{rel}","templated":true}]}}