{"id":4398,"date":"2025-04-27T14:10:58","date_gmt":"2025-04-27T14:10:58","guid":{"rendered":"https:\/\/flatrat.shop\/?post_type=product&#038;p=4398"},"modified":"2025-04-27T14:15:00","modified_gmt":"2025-04-27T14:15:00","slug":"rush","status":"publish","type":"product","link":"https:\/\/flatrat.shop\/?product=rush","title":{"rendered":"Rush"},"content":{"rendered":"<p>Gucci Rush \u00ebsht\u00eb nj\u00eb arom\u00eb intensive, magnetike dhe shum\u00eb sensuale. Kur e nuhat p\u00ebr her\u00eb t\u00eb par\u00eb, t\u00eb godet nj\u00eb shp\u00ebrthim i fresk\u00ebt dhe frutor, fal\u00eb pjeshk\u00ebs s\u00eb \u00ebmb\u00ebl dhe gardenias kremoze. Hapja \u00ebsht\u00eb shum\u00eb e gjall\u00eb dhe elektrizuese, si nj\u00eb emocion i menj\u00ebhersh\u00ebm.<\/p>\n<p>N\u00eb pak fjal\u00eb:<\/p>\n<ul>\n<li>Fillim: Fresk\u00ebt dhe shum\u00eb frutor<\/li>\n<li>Zem\u00ebr: Lulore, fem\u00ebrore, e thell\u00eb<\/li>\n<li>Fund: Ngroht\u00eb, sensuale, tok\u00ebsore<\/li>\n<\/ul>\n<p>&nbsp;<\/p>\n","protected":false},"excerpt":{"rendered":"<p>Gucci Rush \u00ebsht\u00eb nj\u00eb arom\u00eb intensive, magnetike dhe shum\u00eb sensuale. Kur e nuhat p\u00ebr her\u00eb t\u00eb par\u00eb, t\u00eb godet nj\u00eb shp\u00ebrthim i fresk\u00ebt dhe frutor, fal\u00eb pjeshk\u00ebs s\u00eb \u00ebmb\u00ebl dhe gardenias kremoze. Hapja \u00ebsht\u00eb shum\u00eb e gjall\u00eb dhe elektrizuese, si nj\u00eb emocion i menj\u00ebhersh\u00ebm. N\u00eb pak fjal\u00eb: Fillim: Fresk\u00ebt dhe shum\u00eb frutor Zem\u00ebr: Lulore, fem\u00ebrore, [&hellip;]<\/p>\n","protected":false},"featured_media":4408,"template":"","meta":{"_surecart_dashboard_logo_width":"180px","_surecart_dashboard_show_logo":true,"_surecart_dashboard_navigation_orders":true,"_surecart_dashboard_navigation_subscriptions":true,"_surecart_dashboard_navigation_downloads":true,"_surecart_dashboard_navigation_billing":true,"_surecart_dashboard_navigation_account":true,"site-sidebar-layout":"default","site-content-layout":"","ast-site-content-layout":"default","site-content-style":"default","site-sidebar-style":"default","ast-global-header-display":"","ast-banner-title-visibility":"","ast-main-header-display":"","ast-hfb-above-header-display":"","ast-hfb-below-header-display":"","ast-hfb-mobile-header-display":"","site-post-title":"","ast-breadcrumbs-content":"","ast-featured-img":"","footer-sml-layout":"","theme-transparent-header-meta":"default","adv-header-id-meta":"","stick-header-meta":"","header-above-stick-meta":"","header-main-stick-meta":"","header-below-stick-meta":"","astra-migrate-meta-layouts":"set","ast-page-background-enabled":"default","ast-page-background-meta":{"desktop":{"background-color":"var(--ast-global-color-4)","background-image":"","background-repeat":"repeat","background-position":"center center","background-size":"auto","background-attachment":"scroll","background-type":"","background-media":"","overlay-type":"","overlay-color":"","overlay-opacity":"","overlay-gradient":""},"tablet":{"background-color":"","background-image":"","background-repeat":"repeat","background-position":"center center","background-size":"auto","background-attachment":"scroll","background-type":"","background-media":"","overlay-type":"","overlay-color":"","overlay-opacity":"","overlay-gradient":""},"mobile":{"background-color":"","background-image":"","background-repeat":"repeat","background-position":"center center","background-size":"auto","background-attachment":"scroll","background-type":"","background-media":"","overlay-type":"","overlay-color":"","overlay-opacity":"","overlay-gradient":""}},"ast-content-background-meta":{"desktop":{"background-color":"var(--ast-global-color-5)","background-image":"","background-repeat":"repeat","background-position":"center center","background-size":"auto","background-attachment":"scroll","background-type":"","background-media":"","overlay-type":"","overlay-color":"","overlay-opacity":"","overlay-gradient":""},"tablet":{"background-color":"var(--ast-global-color-5)","background-image":"","background-repeat":"repeat","background-position":"center center","background-size":"auto","background-attachment":"scroll","background-type":"","background-media":"","overlay-type":"","overlay-color":"","overlay-opacity":"","overlay-gradient":""},"mobile":{"background-color":"var(--ast-global-color-5)","background-image":"","background-repeat":"repeat","background-position":"center center","background-size":"auto","background-attachment":"scroll","background-type":"","background-media":"","overlay-type":"","overlay-color":"","overlay-opacity":"","overlay-gradient":""}}},"product_brand":[],"product_cat":[39,40],"product_tag":[],"class_list":{"0":"post-4398","1":"product","2":"type-product","3":"status-publish","4":"has-post-thumbnail","6":"product_cat-parfume","7":"product_cat-parfume-femra","8":"desktop-align-left","9":"tablet-align-left","10":"mobile-align-left","12":"first","13":"instock","14":"shipping-taxable","15":"purchasable","16":"product-type-variable"},"_links":{"self":[{"href":"https:\/\/flatrat.shop\/index.php?rest_route=\/wp\/v2\/product\/4398","targetHints":{"allow":["GET"]}}],"collection":[{"href":"https:\/\/flatrat.shop\/index.php?rest_route=\/wp\/v2\/product"}],"about":[{"href":"https:\/\/flatrat.shop\/index.php?rest_route=\/wp\/v2\/types\/product"}],"wp:featuredmedia":[{"embeddable":true,"href":"https:\/\/flatrat.shop\/index.php?rest_route=\/wp\/v2\/media\/4408"}],"wp:attachment":[{"href":"https:\/\/flatrat.shop\/index.php?rest_route=%2Fwp%2Fv2%2Fmedia&parent=4398"}],"wp:term":[{"taxonomy":"product_brand","embeddable":true,"href":"https:\/\/flatrat.shop\/index.php?rest_route=%2Fwp%2Fv2%2Fproduct_brand&post=4398"},{"taxonomy":"product_cat","embeddable":true,"href":"https:\/\/flatrat.shop\/index.php?rest_route=%2Fwp%2Fv2%2Fproduct_cat&post=4398"},{"taxonomy":"product_tag","embeddable":true,"href":"https:\/\/flatrat.shop\/index.php?rest_route=%2Fwp%2Fv2%2Fproduct_tag&post=4398"}],"curies":[{"name":"wp","href":"https:\/\/api.w.org\/{rel}","templated":true}]}}