{"id":4387,"date":"2025-04-27T14:05:28","date_gmt":"2025-04-27T14:05:28","guid":{"rendered":"https:\/\/flatrat.shop\/?post_type=product&#038;p=4387"},"modified":"2025-05-08T11:03:12","modified_gmt":"2025-05-08T11:03:12","slug":"candy-love","status":"publish","type":"product","link":"https:\/\/flatrat.shop\/?product=candy-love","title":{"rendered":"Candy Love"},"content":{"rendered":"<p>Escada Candy Love \u00ebsht\u00eb nj\u00eb arom\u00eb e \u00ebmb\u00ebl dhe lozonjare q\u00eb t\u00eb \u00e7on n\u00eb nj\u00eb udh\u00ebtim imagjinar n\u00eb nj\u00eb panair \u00ebmb\u00eblsirash.<\/p>\n<p>Candy Love \u00ebsht\u00eb nj\u00eb arom\u00eb q\u00eb p\u00ebrshkruhet si e \u00ebmb\u00ebl, frutore dhe kremoze. Hapja me moll\u00eb t\u00eb karamelizuar dhe mandarin\u00eb jeshile ofron nj\u00eb ndjesi t\u00eb fresk\u00ebt dhe t\u00eb gjall\u00eb, nd\u00ebrsa zemra me tr\u00ebndafil Centifolia shton nj\u00eb prekje romantike. Baza me krem vanilje e b\u00ebn arom\u00ebn t\u00eb ngroht\u00eb dhe t\u00eb but\u00eb, duke krijuar nj\u00eb p\u00ebrvoj\u00eb t\u00eb k\u00ebndshme dhe t\u00eb paharrueshme.<\/p>\n","protected":false},"excerpt":{"rendered":"<p>Escada Candy Love \u00ebsht\u00eb nj\u00eb arom\u00eb e \u00ebmb\u00ebl dhe lozonjare q\u00eb t\u00eb \u00e7on n\u00eb nj\u00eb udh\u00ebtim imagjinar n\u00eb nj\u00eb panair \u00ebmb\u00eblsirash. Candy Love \u00ebsht\u00eb nj\u00eb arom\u00eb q\u00eb p\u00ebrshkruhet si e \u00ebmb\u00ebl, frutore dhe kremoze. Hapja me moll\u00eb t\u00eb karamelizuar dhe mandarin\u00eb jeshile ofron nj\u00eb ndjesi t\u00eb fresk\u00ebt dhe t\u00eb gjall\u00eb, nd\u00ebrsa zemra me tr\u00ebndafil Centifolia [&hellip;]<\/p>\n","protected":false},"featured_media":4397,"template":"","meta":{"_surecart_dashboard_logo_width":"180px","_surecart_dashboard_show_logo":true,"_surecart_dashboard_navigation_orders":true,"_surecart_dashboard_navigation_subscriptions":true,"_surecart_dashboard_navigation_downloads":true,"_surecart_dashboard_navigation_billing":true,"_surecart_dashboard_navigation_account":true,"site-sidebar-layout":"default","site-content-layout":"","ast-site-content-layout":"default","site-content-style":"default","site-sidebar-style":"default","ast-global-header-display":"","ast-banner-title-visibility":"","ast-main-header-display":"","ast-hfb-above-header-display":"","ast-hfb-below-header-display":"","ast-hfb-mobile-header-display":"","site-post-title":"","ast-breadcrumbs-content":"","ast-featured-img":"","footer-sml-layout":"","theme-transparent-header-meta":"default","adv-header-id-meta":"","stick-header-meta":"","header-above-stick-meta":"","header-main-stick-meta":"","header-below-stick-meta":"","astra-migrate-meta-layouts":"set","ast-page-background-enabled":"default","ast-page-background-meta":{"desktop":{"background-color":"var(--ast-global-color-4)","background-image":"","background-repeat":"repeat","background-position":"center center","background-size":"auto","background-attachment":"scroll","background-type":"","background-media":"","overlay-type":"","overlay-color":"","overlay-opacity":"","overlay-gradient":""},"tablet":{"background-color":"","background-image":"","background-repeat":"repeat","background-position":"center center","background-size":"auto","background-attachment":"scroll","background-type":"","background-media":"","overlay-type":"","overlay-color":"","overlay-opacity":"","overlay-gradient":""},"mobile":{"background-color":"","background-image":"","background-repeat":"repeat","background-position":"center center","background-size":"auto","background-attachment":"scroll","background-type":"","background-media":"","overlay-type":"","overlay-color":"","overlay-opacity":"","overlay-gradient":""}},"ast-content-background-meta":{"desktop":{"background-color":"var(--ast-global-color-5)","background-image":"","background-repeat":"repeat","background-position":"center center","background-size":"auto","background-attachment":"scroll","background-type":"","background-media":"","overlay-type":"","overlay-color":"","overlay-opacity":"","overlay-gradient":""},"tablet":{"background-color":"var(--ast-global-color-5)","background-image":"","background-repeat":"repeat","background-position":"center center","background-size":"auto","background-attachment":"scroll","background-type":"","background-media":"","overlay-type":"","overlay-color":"","overlay-opacity":"","overlay-gradient":""},"mobile":{"background-color":"var(--ast-global-color-5)","background-image":"","background-repeat":"repeat","background-position":"center center","background-size":"auto","background-attachment":"scroll","background-type":"","background-media":"","overlay-type":"","overlay-color":"","overlay-opacity":"","overlay-gradient":""}}},"product_brand":[],"product_cat":[39,40],"product_tag":[],"class_list":{"0":"post-4387","1":"product","2":"type-product","3":"status-publish","4":"has-post-thumbnail","6":"product_cat-parfume","7":"product_cat-parfume-femra","8":"desktop-align-left","9":"tablet-align-left","10":"mobile-align-left","12":"first","13":"instock","14":"shipping-taxable","15":"purchasable","16":"product-type-variable"},"_links":{"self":[{"href":"https:\/\/flatrat.shop\/index.php?rest_route=\/wp\/v2\/product\/4387","targetHints":{"allow":["GET"]}}],"collection":[{"href":"https:\/\/flatrat.shop\/index.php?rest_route=\/wp\/v2\/product"}],"about":[{"href":"https:\/\/flatrat.shop\/index.php?rest_route=\/wp\/v2\/types\/product"}],"wp:featuredmedia":[{"embeddable":true,"href":"https:\/\/flatrat.shop\/index.php?rest_route=\/wp\/v2\/media\/4397"}],"wp:attachment":[{"href":"https:\/\/flatrat.shop\/index.php?rest_route=%2Fwp%2Fv2%2Fmedia&parent=4387"}],"wp:term":[{"taxonomy":"product_brand","embeddable":true,"href":"https:\/\/flatrat.shop\/index.php?rest_route=%2Fwp%2Fv2%2Fproduct_brand&post=4387"},{"taxonomy":"product_cat","embeddable":true,"href":"https:\/\/flatrat.shop\/index.php?rest_route=%2Fwp%2Fv2%2Fproduct_cat&post=4387"},{"taxonomy":"product_tag","embeddable":true,"href":"https:\/\/flatrat.shop\/index.php?rest_route=%2Fwp%2Fv2%2Fproduct_tag&post=4387"}],"curies":[{"name":"wp","href":"https:\/\/api.w.org\/{rel}","templated":true}]}}