{"id":4356,"date":"2025-03-18T11:16:32","date_gmt":"2025-03-18T11:16:32","guid":{"rendered":"https:\/\/flatrat.shop\/?post_type=product&#038;p=4356"},"modified":"2025-03-18T11:19:51","modified_gmt":"2025-03-18T11:19:51","slug":"barenia","status":"publish","type":"product","link":"https:\/\/flatrat.shop\/?product=barenia","title":{"rendered":"Barenia"},"content":{"rendered":"<p>Parfumi Bar\u00e9nia nga Herm\u00e8s \u00ebsht\u00eb nje arome ecila kombinon nota t\u00eb fresk\u00ebta, lulesh dhe drurore p\u00ebr t\u00eb krijuar nj\u00eb p\u00ebrvoj\u00eb aromatike t\u00eb sofistikuar dhe sensuale.<\/p>\n<p>Aroma hapet me freskin\u00eb e bergamotit dhe \u00ebmb\u00eblsin\u00eb delikate t\u00eb mrekullis\u00eb, duke i dh\u00ebn\u00eb nj\u00eb hyrje t\u00eb gjall\u00eb dhe t\u00ebrheq\u00ebse. N\u00eb zem\u00ebr, lulja e zambakut t\u00eb bardh\u00eb sjell nj\u00eb ndjesi lulesh t\u00eb but\u00eb dhe fem\u00ebrore. Bazat e ngrohta t\u00eb drurit t\u00eb lisit, patchoulit dhe Akigalawood-it i japin parfumit nj\u00eb thell\u00ebsi dhe q\u00ebndrueshm\u00ebri t\u00eb ve\u00e7ant\u00eb, duke krijuar nj\u00eb ndjesi t\u00eb ngroht\u00eb dhe sensuale.<span class=\"Apple-converted-space\">\u00a0<\/span><\/p>\n","protected":false},"excerpt":{"rendered":"<p>Parfumi Bar\u00e9nia nga Herm\u00e8s \u00ebsht\u00eb nje arome ecila kombinon nota t\u00eb fresk\u00ebta, lulesh dhe drurore p\u00ebr t\u00eb krijuar nj\u00eb p\u00ebrvoj\u00eb aromatike t\u00eb sofistikuar dhe sensuale. Aroma hapet me freskin\u00eb e bergamotit dhe \u00ebmb\u00eblsin\u00eb delikate t\u00eb mrekullis\u00eb, duke i dh\u00ebn\u00eb nj\u00eb hyrje t\u00eb gjall\u00eb dhe t\u00ebrheq\u00ebse. N\u00eb zem\u00ebr, lulja e zambakut t\u00eb bardh\u00eb sjell nj\u00eb ndjesi [&hellip;]<\/p>\n","protected":false},"featured_media":4366,"template":"","meta":{"_surecart_dashboard_logo_width":"180px","_surecart_dashboard_show_logo":true,"_surecart_dashboard_navigation_orders":true,"_surecart_dashboard_navigation_subscriptions":true,"_surecart_dashboard_navigation_downloads":true,"_surecart_dashboard_navigation_billing":true,"_surecart_dashboard_navigation_account":true,"site-sidebar-layout":"default","site-content-layout":"","ast-site-content-layout":"default","site-content-style":"default","site-sidebar-style":"default","ast-global-header-display":"","ast-banner-title-visibility":"","ast-main-header-display":"","ast-hfb-above-header-display":"","ast-hfb-below-header-display":"","ast-hfb-mobile-header-display":"","site-post-title":"","ast-breadcrumbs-content":"","ast-featured-img":"","footer-sml-layout":"","theme-transparent-header-meta":"default","adv-header-id-meta":"","stick-header-meta":"","header-above-stick-meta":"","header-main-stick-meta":"","header-below-stick-meta":"","astra-migrate-meta-layouts":"set","ast-page-background-enabled":"default","ast-page-background-meta":{"desktop":{"background-color":"var(--ast-global-color-4)","background-image":"","background-repeat":"repeat","background-position":"center center","background-size":"auto","background-attachment":"scroll","background-type":"","background-media":"","overlay-type":"","overlay-color":"","overlay-opacity":"","overlay-gradient":""},"tablet":{"background-color":"","background-image":"","background-repeat":"repeat","background-position":"center center","background-size":"auto","background-attachment":"scroll","background-type":"","background-media":"","overlay-type":"","overlay-color":"","overlay-opacity":"","overlay-gradient":""},"mobile":{"background-color":"","background-image":"","background-repeat":"repeat","background-position":"center center","background-size":"auto","background-attachment":"scroll","background-type":"","background-media":"","overlay-type":"","overlay-color":"","overlay-opacity":"","overlay-gradient":""}},"ast-content-background-meta":{"desktop":{"background-color":"var(--ast-global-color-5)","background-image":"","background-repeat":"repeat","background-position":"center center","background-size":"auto","background-attachment":"scroll","background-type":"","background-media":"","overlay-type":"","overlay-color":"","overlay-opacity":"","overlay-gradient":""},"tablet":{"background-color":"var(--ast-global-color-5)","background-image":"","background-repeat":"repeat","background-position":"center center","background-size":"auto","background-attachment":"scroll","background-type":"","background-media":"","overlay-type":"","overlay-color":"","overlay-opacity":"","overlay-gradient":""},"mobile":{"background-color":"var(--ast-global-color-5)","background-image":"","background-repeat":"repeat","background-position":"center center","background-size":"auto","background-attachment":"scroll","background-type":"","background-media":"","overlay-type":"","overlay-color":"","overlay-opacity":"","overlay-gradient":""}}},"product_brand":[],"product_cat":[39,40],"product_tag":[],"class_list":{"0":"post-4356","1":"product","2":"type-product","3":"status-publish","4":"has-post-thumbnail","6":"product_cat-parfume","7":"product_cat-parfume-femra","8":"desktop-align-left","9":"tablet-align-left","10":"mobile-align-left","12":"first","13":"instock","14":"shipping-taxable","15":"purchasable","16":"product-type-variable"},"_links":{"self":[{"href":"https:\/\/flatrat.shop\/index.php?rest_route=\/wp\/v2\/product\/4356","targetHints":{"allow":["GET"]}}],"collection":[{"href":"https:\/\/flatrat.shop\/index.php?rest_route=\/wp\/v2\/product"}],"about":[{"href":"https:\/\/flatrat.shop\/index.php?rest_route=\/wp\/v2\/types\/product"}],"wp:featuredmedia":[{"embeddable":true,"href":"https:\/\/flatrat.shop\/index.php?rest_route=\/wp\/v2\/media\/4366"}],"wp:attachment":[{"href":"https:\/\/flatrat.shop\/index.php?rest_route=%2Fwp%2Fv2%2Fmedia&parent=4356"}],"wp:term":[{"taxonomy":"product_brand","embeddable":true,"href":"https:\/\/flatrat.shop\/index.php?rest_route=%2Fwp%2Fv2%2Fproduct_brand&post=4356"},{"taxonomy":"product_cat","embeddable":true,"href":"https:\/\/flatrat.shop\/index.php?rest_route=%2Fwp%2Fv2%2Fproduct_cat&post=4356"},{"taxonomy":"product_tag","embeddable":true,"href":"https:\/\/flatrat.shop\/index.php?rest_route=%2Fwp%2Fv2%2Fproduct_tag&post=4356"}],"curies":[{"name":"wp","href":"https:\/\/api.w.org\/{rel}","templated":true}]}}