{"id":4322,"date":"2025-03-18T10:58:45","date_gmt":"2025-03-18T10:58:45","guid":{"rendered":"https:\/\/flatrat.shop\/?post_type=product&#038;p=4322"},"modified":"2025-03-18T11:02:14","modified_gmt":"2025-03-18T11:02:14","slug":"carmina","status":"publish","type":"product","link":"https:\/\/flatrat.shop\/?product=carmina","title":{"rendered":"Carmina"},"content":{"rendered":"<p>Parfumi Carmina nga Creed \u00ebsht\u00eb nj\u00eb arom\u00eb p\u00ebr femra q\u00eb kombinon nota t\u00eb drunjta, lulesh dhe myshku, duke krijuar nj\u00eb p\u00ebrvoj\u00eb t\u00eb ngroht\u00eb dhe sensuale.<\/p>\n<p>Kjo p\u00ebrb\u00ebrje aromatike fillon me freskin\u00eb e qershis\u00eb s\u00eb zez\u00eb dhe pikant\u00ebsin\u00eb e piperit roz\u00eb, t\u00eb pasuara nga but\u00ebsia e luleve si tr\u00ebndafili i majit dhe bozhurja. Bazat e ngrohta t\u00eb myshkut dhe smirn\u00ebs i japin parfumit nj\u00eb thell\u00ebsi dhe q\u00ebndrueshm\u00ebri t\u00eb ve\u00e7ant\u00eb.<\/p>\n","protected":false},"excerpt":{"rendered":"<p>Parfumi Carmina nga Creed \u00ebsht\u00eb nj\u00eb arom\u00eb p\u00ebr femra q\u00eb kombinon nota t\u00eb drunjta, lulesh dhe myshku, duke krijuar nj\u00eb p\u00ebrvoj\u00eb t\u00eb ngroht\u00eb dhe sensuale. Kjo p\u00ebrb\u00ebrje aromatike fillon me freskin\u00eb e qershis\u00eb s\u00eb zez\u00eb dhe pikant\u00ebsin\u00eb e piperit roz\u00eb, t\u00eb pasuara nga but\u00ebsia e luleve si tr\u00ebndafili i majit dhe bozhurja. Bazat e ngrohta [&hellip;]<\/p>\n","protected":false},"featured_media":4332,"template":"","meta":{"_surecart_dashboard_logo_width":"180px","_surecart_dashboard_show_logo":true,"_surecart_dashboard_navigation_orders":true,"_surecart_dashboard_navigation_subscriptions":true,"_surecart_dashboard_navigation_downloads":true,"_surecart_dashboard_navigation_billing":true,"_surecart_dashboard_navigation_account":true,"site-sidebar-layout":"default","site-content-layout":"","ast-site-content-layout":"default","site-content-style":"default","site-sidebar-style":"default","ast-global-header-display":"","ast-banner-title-visibility":"","ast-main-header-display":"","ast-hfb-above-header-display":"","ast-hfb-below-header-display":"","ast-hfb-mobile-header-display":"","site-post-title":"","ast-breadcrumbs-content":"","ast-featured-img":"","footer-sml-layout":"","theme-transparent-header-meta":"default","adv-header-id-meta":"","stick-header-meta":"","header-above-stick-meta":"","header-main-stick-meta":"","header-below-stick-meta":"","astra-migrate-meta-layouts":"set","ast-page-background-enabled":"default","ast-page-background-meta":{"desktop":{"background-color":"var(--ast-global-color-4)","background-image":"","background-repeat":"repeat","background-position":"center center","background-size":"auto","background-attachment":"scroll","background-type":"","background-media":"","overlay-type":"","overlay-color":"","overlay-opacity":"","overlay-gradient":""},"tablet":{"background-color":"","background-image":"","background-repeat":"repeat","background-position":"center center","background-size":"auto","background-attachment":"scroll","background-type":"","background-media":"","overlay-type":"","overlay-color":"","overlay-opacity":"","overlay-gradient":""},"mobile":{"background-color":"","background-image":"","background-repeat":"repeat","background-position":"center center","background-size":"auto","background-attachment":"scroll","background-type":"","background-media":"","overlay-type":"","overlay-color":"","overlay-opacity":"","overlay-gradient":""}},"ast-content-background-meta":{"desktop":{"background-color":"var(--ast-global-color-5)","background-image":"","background-repeat":"repeat","background-position":"center center","background-size":"auto","background-attachment":"scroll","background-type":"","background-media":"","overlay-type":"","overlay-color":"","overlay-opacity":"","overlay-gradient":""},"tablet":{"background-color":"var(--ast-global-color-5)","background-image":"","background-repeat":"repeat","background-position":"center center","background-size":"auto","background-attachment":"scroll","background-type":"","background-media":"","overlay-type":"","overlay-color":"","overlay-opacity":"","overlay-gradient":""},"mobile":{"background-color":"var(--ast-global-color-5)","background-image":"","background-repeat":"repeat","background-position":"center center","background-size":"auto","background-attachment":"scroll","background-type":"","background-media":"","overlay-type":"","overlay-color":"","overlay-opacity":"","overlay-gradient":""}}},"product_brand":[],"product_cat":[39,40],"product_tag":[],"class_list":{"0":"post-4322","1":"product","2":"type-product","3":"status-publish","4":"has-post-thumbnail","6":"product_cat-parfume","7":"product_cat-parfume-femra","8":"desktop-align-left","9":"tablet-align-left","10":"mobile-align-left","12":"first","13":"instock","14":"shipping-taxable","15":"purchasable","16":"product-type-variable"},"_links":{"self":[{"href":"https:\/\/flatrat.shop\/index.php?rest_route=\/wp\/v2\/product\/4322","targetHints":{"allow":["GET"]}}],"collection":[{"href":"https:\/\/flatrat.shop\/index.php?rest_route=\/wp\/v2\/product"}],"about":[{"href":"https:\/\/flatrat.shop\/index.php?rest_route=\/wp\/v2\/types\/product"}],"wp:featuredmedia":[{"embeddable":true,"href":"https:\/\/flatrat.shop\/index.php?rest_route=\/wp\/v2\/media\/4332"}],"wp:attachment":[{"href":"https:\/\/flatrat.shop\/index.php?rest_route=%2Fwp%2Fv2%2Fmedia&parent=4322"}],"wp:term":[{"taxonomy":"product_brand","embeddable":true,"href":"https:\/\/flatrat.shop\/index.php?rest_route=%2Fwp%2Fv2%2Fproduct_brand&post=4322"},{"taxonomy":"product_cat","embeddable":true,"href":"https:\/\/flatrat.shop\/index.php?rest_route=%2Fwp%2Fv2%2Fproduct_cat&post=4322"},{"taxonomy":"product_tag","embeddable":true,"href":"https:\/\/flatrat.shop\/index.php?rest_route=%2Fwp%2Fv2%2Fproduct_tag&post=4322"}],"curies":[{"name":"wp","href":"https:\/\/api.w.org\/{rel}","templated":true}]}}