{"id":4276,"date":"2025-03-12T10:20:28","date_gmt":"2025-03-12T10:20:28","guid":{"rendered":"https:\/\/flatrat.shop\/?post_type=product&#038;p=4276"},"modified":"2025-03-12T10:23:13","modified_gmt":"2025-03-12T10:23:13","slug":"naxos","status":"publish","type":"product","link":"https:\/\/flatrat.shop\/?product=naxos","title":{"rendered":"Naxos"},"content":{"rendered":"<p>Xerjoff Naxos \u00ebsht\u00eb nj\u00eb parfum luksoz dhe i rafinuar, i frym\u00ebzuar nga atmosfera e ngroht\u00eb dhe pasionante e Italis\u00eb, duke kombinuar aroma t\u00eb fresk\u00ebta agrumesh me \u00ebmb\u00eblsi t\u00eb pasur dhe nota t\u00eb thella orientale.<\/p>\n<p>Aroma hapet me nj\u00eb shp\u00ebrthim t\u00eb fresk\u00ebt agrumesh dhe livand\u00eb, duke krijuar nj\u00eb ndjesi t\u00eb past\u00ebr dhe energjike. N\u00eb zem\u00ebr, \u00ebmb\u00eblsia e mjaltit dhe ngroht\u00ebsia e kanell\u00ebs i japin parfumit nj\u00eb karakter t\u00eb pasur dhe josh\u00ebs. N\u00eb baz\u00eb, kombinimi i duhanit, tonk\u00ebs dhe vaniljes e b\u00ebn parfumin t\u00eb ngroht\u00eb, sensual dhe t\u00eb q\u00ebndruesh\u00ebm p\u00ebr or\u00eb t\u00eb t\u00ebra.<\/p>\n","protected":false},"excerpt":{"rendered":"<p>Xerjoff Naxos \u00ebsht\u00eb nj\u00eb parfum luksoz dhe i rafinuar, i frym\u00ebzuar nga atmosfera e ngroht\u00eb dhe pasionante e Italis\u00eb, duke kombinuar aroma t\u00eb fresk\u00ebta agrumesh me \u00ebmb\u00eblsi t\u00eb pasur dhe nota t\u00eb thella orientale. Aroma hapet me nj\u00eb shp\u00ebrthim t\u00eb fresk\u00ebt agrumesh dhe livand\u00eb, duke krijuar nj\u00eb ndjesi t\u00eb past\u00ebr dhe energjike. N\u00eb zem\u00ebr, \u00ebmb\u00eblsia [&hellip;]<\/p>\n","protected":false},"featured_media":4286,"template":"","meta":{"_surecart_dashboard_logo_width":"180px","_surecart_dashboard_show_logo":true,"_surecart_dashboard_navigation_orders":true,"_surecart_dashboard_navigation_subscriptions":true,"_surecart_dashboard_navigation_downloads":true,"_surecart_dashboard_navigation_billing":true,"_surecart_dashboard_navigation_account":true,"site-sidebar-layout":"default","site-content-layout":"","ast-site-content-layout":"default","site-content-style":"default","site-sidebar-style":"default","ast-global-header-display":"","ast-banner-title-visibility":"","ast-main-header-display":"","ast-hfb-above-header-display":"","ast-hfb-below-header-display":"","ast-hfb-mobile-header-display":"","site-post-title":"","ast-breadcrumbs-content":"","ast-featured-img":"","footer-sml-layout":"","theme-transparent-header-meta":"default","adv-header-id-meta":"","stick-header-meta":"","header-above-stick-meta":"","header-main-stick-meta":"","header-below-stick-meta":"","astra-migrate-meta-layouts":"set","ast-page-background-enabled":"default","ast-page-background-meta":{"desktop":{"background-color":"var(--ast-global-color-4)","background-image":"","background-repeat":"repeat","background-position":"center center","background-size":"auto","background-attachment":"scroll","background-type":"","background-media":"","overlay-type":"","overlay-color":"","overlay-opacity":"","overlay-gradient":""},"tablet":{"background-color":"","background-image":"","background-repeat":"repeat","background-position":"center center","background-size":"auto","background-attachment":"scroll","background-type":"","background-media":"","overlay-type":"","overlay-color":"","overlay-opacity":"","overlay-gradient":""},"mobile":{"background-color":"","background-image":"","background-repeat":"repeat","background-position":"center center","background-size":"auto","background-attachment":"scroll","background-type":"","background-media":"","overlay-type":"","overlay-color":"","overlay-opacity":"","overlay-gradient":""}},"ast-content-background-meta":{"desktop":{"background-color":"var(--ast-global-color-5)","background-image":"","background-repeat":"repeat","background-position":"center center","background-size":"auto","background-attachment":"scroll","background-type":"","background-media":"","overlay-type":"","overlay-color":"","overlay-opacity":"","overlay-gradient":""},"tablet":{"background-color":"var(--ast-global-color-5)","background-image":"","background-repeat":"repeat","background-position":"center center","background-size":"auto","background-attachment":"scroll","background-type":"","background-media":"","overlay-type":"","overlay-color":"","overlay-opacity":"","overlay-gradient":""},"mobile":{"background-color":"var(--ast-global-color-5)","background-image":"","background-repeat":"repeat","background-position":"center center","background-size":"auto","background-attachment":"scroll","background-type":"","background-media":"","overlay-type":"","overlay-color":"","overlay-opacity":"","overlay-gradient":""}}},"product_brand":[],"product_cat":[39,42],"product_tag":[],"class_list":{"0":"post-4276","1":"product","2":"type-product","3":"status-publish","4":"has-post-thumbnail","6":"product_cat-parfume","7":"product_cat-parfume-unisex","8":"desktop-align-left","9":"tablet-align-left","10":"mobile-align-left","12":"first","13":"instock","14":"shipping-taxable","15":"purchasable","16":"product-type-variable"},"_links":{"self":[{"href":"https:\/\/flatrat.shop\/index.php?rest_route=\/wp\/v2\/product\/4276","targetHints":{"allow":["GET"]}}],"collection":[{"href":"https:\/\/flatrat.shop\/index.php?rest_route=\/wp\/v2\/product"}],"about":[{"href":"https:\/\/flatrat.shop\/index.php?rest_route=\/wp\/v2\/types\/product"}],"wp:featuredmedia":[{"embeddable":true,"href":"https:\/\/flatrat.shop\/index.php?rest_route=\/wp\/v2\/media\/4286"}],"wp:attachment":[{"href":"https:\/\/flatrat.shop\/index.php?rest_route=%2Fwp%2Fv2%2Fmedia&parent=4276"}],"wp:term":[{"taxonomy":"product_brand","embeddable":true,"href":"https:\/\/flatrat.shop\/index.php?rest_route=%2Fwp%2Fv2%2Fproduct_brand&post=4276"},{"taxonomy":"product_cat","embeddable":true,"href":"https:\/\/flatrat.shop\/index.php?rest_route=%2Fwp%2Fv2%2Fproduct_cat&post=4276"},{"taxonomy":"product_tag","embeddable":true,"href":"https:\/\/flatrat.shop\/index.php?rest_route=%2Fwp%2Fv2%2Fproduct_tag&post=4276"}],"curies":[{"name":"wp","href":"https:\/\/api.w.org\/{rel}","templated":true}]}}