{"id":4216,"date":"2025-02-15T21:19:30","date_gmt":"2025-02-15T21:19:30","guid":{"rendered":"https:\/\/flatrat.shop\/?post_type=product&#038;p=4216"},"modified":"2025-02-15T21:47:49","modified_gmt":"2025-02-15T21:47:49","slug":"scandal-absolu","status":"publish","type":"product","link":"https:\/\/flatrat.shop\/?product=scandal-absolu","title":{"rendered":"Scandal Absolu"},"content":{"rendered":"<p>Scandal Absolu eshte versioni me i ri i vitit 2024 i linjes se Parfumeve Scandal nga JPG. Aroma \u00ebsht\u00eb \u00a0intensive dhe josh\u00ebs, me nota freskie agrumesh si limoni dhe portokalli, q\u00eb kalojn\u00eb n\u00eb nj\u00eb baz\u00eb t\u00eb ngroht\u00eb dhe t\u00eb thell\u00eb l\u00ebkure, druri dhe vaniljeje. Akordet e mjaltit dhe tonka shtojn\u00eb \u00ebmb\u00eblsi, nd\u00ebrsa patchouli e b\u00ebn arom\u00ebn m\u00eb t\u00eb q\u00ebndrueshme dhe t\u00eb fuqishme. Ideal p\u00ebr mbr\u00ebmje dhe raste speciale.<\/p>\n","protected":false},"excerpt":{"rendered":"<p>Scandal Absolu eshte versioni me i ri i vitit 2024 i linjes se Parfumeve Scandal nga JPG. Aroma \u00ebsht\u00eb \u00a0intensive dhe josh\u00ebs, me nota freskie agrumesh si limoni dhe portokalli, q\u00eb kalojn\u00eb n\u00eb nj\u00eb baz\u00eb t\u00eb ngroht\u00eb dhe t\u00eb thell\u00eb l\u00ebkure, druri dhe vaniljeje. Akordet e mjaltit dhe tonka shtojn\u00eb \u00ebmb\u00eblsi, nd\u00ebrsa patchouli e b\u00ebn [&hellip;]<\/p>\n","protected":false},"featured_media":4226,"template":"","meta":{"_surecart_dashboard_logo_width":"180px","_surecart_dashboard_show_logo":true,"_surecart_dashboard_navigation_orders":true,"_surecart_dashboard_navigation_subscriptions":true,"_surecart_dashboard_navigation_downloads":true,"_surecart_dashboard_navigation_billing":true,"_surecart_dashboard_navigation_account":true,"site-sidebar-layout":"default","site-content-layout":"","ast-site-content-layout":"default","site-content-style":"default","site-sidebar-style":"default","ast-global-header-display":"","ast-banner-title-visibility":"","ast-main-header-display":"","ast-hfb-above-header-display":"","ast-hfb-below-header-display":"","ast-hfb-mobile-header-display":"","site-post-title":"","ast-breadcrumbs-content":"","ast-featured-img":"","footer-sml-layout":"","theme-transparent-header-meta":"default","adv-header-id-meta":"","stick-header-meta":"","header-above-stick-meta":"","header-main-stick-meta":"","header-below-stick-meta":"","astra-migrate-meta-layouts":"set","ast-page-background-enabled":"default","ast-page-background-meta":{"desktop":{"background-color":"var(--ast-global-color-4)","background-image":"","background-repeat":"repeat","background-position":"center center","background-size":"auto","background-attachment":"scroll","background-type":"","background-media":"","overlay-type":"","overlay-color":"","overlay-opacity":"","overlay-gradient":""},"tablet":{"background-color":"","background-image":"","background-repeat":"repeat","background-position":"center center","background-size":"auto","background-attachment":"scroll","background-type":"","background-media":"","overlay-type":"","overlay-color":"","overlay-opacity":"","overlay-gradient":""},"mobile":{"background-color":"","background-image":"","background-repeat":"repeat","background-position":"center center","background-size":"auto","background-attachment":"scroll","background-type":"","background-media":"","overlay-type":"","overlay-color":"","overlay-opacity":"","overlay-gradient":""}},"ast-content-background-meta":{"desktop":{"background-color":"var(--ast-global-color-5)","background-image":"","background-repeat":"repeat","background-position":"center center","background-size":"auto","background-attachment":"scroll","background-type":"","background-media":"","overlay-type":"","overlay-color":"","overlay-opacity":"","overlay-gradient":""},"tablet":{"background-color":"var(--ast-global-color-5)","background-image":"","background-repeat":"repeat","background-position":"center center","background-size":"auto","background-attachment":"scroll","background-type":"","background-media":"","overlay-type":"","overlay-color":"","overlay-opacity":"","overlay-gradient":""},"mobile":{"background-color":"var(--ast-global-color-5)","background-image":"","background-repeat":"repeat","background-position":"center center","background-size":"auto","background-attachment":"scroll","background-type":"","background-media":"","overlay-type":"","overlay-color":"","overlay-opacity":"","overlay-gradient":""}}},"product_brand":[],"product_cat":[39,41],"product_tag":[],"class_list":{"0":"post-4216","1":"product","2":"type-product","3":"status-publish","4":"has-post-thumbnail","6":"product_cat-parfume","7":"product_cat-parfume-meshkuj","8":"desktop-align-left","9":"tablet-align-left","10":"mobile-align-left","12":"first","13":"instock","14":"shipping-taxable","15":"purchasable","16":"product-type-variable"},"_links":{"self":[{"href":"https:\/\/flatrat.shop\/index.php?rest_route=\/wp\/v2\/product\/4216","targetHints":{"allow":["GET"]}}],"collection":[{"href":"https:\/\/flatrat.shop\/index.php?rest_route=\/wp\/v2\/product"}],"about":[{"href":"https:\/\/flatrat.shop\/index.php?rest_route=\/wp\/v2\/types\/product"}],"wp:featuredmedia":[{"embeddable":true,"href":"https:\/\/flatrat.shop\/index.php?rest_route=\/wp\/v2\/media\/4226"}],"wp:attachment":[{"href":"https:\/\/flatrat.shop\/index.php?rest_route=%2Fwp%2Fv2%2Fmedia&parent=4216"}],"wp:term":[{"taxonomy":"product_brand","embeddable":true,"href":"https:\/\/flatrat.shop\/index.php?rest_route=%2Fwp%2Fv2%2Fproduct_brand&post=4216"},{"taxonomy":"product_cat","embeddable":true,"href":"https:\/\/flatrat.shop\/index.php?rest_route=%2Fwp%2Fv2%2Fproduct_cat&post=4216"},{"taxonomy":"product_tag","embeddable":true,"href":"https:\/\/flatrat.shop\/index.php?rest_route=%2Fwp%2Fv2%2Fproduct_tag&post=4216"}],"curies":[{"name":"wp","href":"https:\/\/api.w.org\/{rel}","templated":true}]}}