{"id":3966,"date":"2024-12-12T13:53:54","date_gmt":"2024-12-12T13:53:54","guid":{"rendered":"https:\/\/flatrat.shop\/?post_type=product&#038;p=3966"},"modified":"2025-01-16T17:52:10","modified_gmt":"2025-01-16T17:52:10","slug":"ombre-leather","status":"publish","type":"product","link":"https:\/\/flatrat.shop\/?product=ombre-leather","title":{"rendered":"Ombre Leather"},"content":{"rendered":"<p>Tom Ford &#8211; Ombre Leather UNISEX \u00ebsht\u00eb nj\u00eb arom\u00eb intense, e guximshme dhe elegante, e cila shpreh fuqin\u00eb dhe vet\u00ebbesimin. \u00cbsht\u00eb zgjedhja e duhur p\u00ebr ata q\u00eb duan t\u00eb l\u00ebn\u00eb gjurm\u00eb kudo q\u00eb shkojn\u00eb. Kjo arom\u00eb shpesh p\u00ebrshkruhet si \u201ce pap\u00ebrmbajtshme\u201d dhe \u201cseksi\u201d, e p\u00ebrshtatshme p\u00ebr ata q\u00eb duan t\u00eb dallohen.<\/p>\n<p>Arom\u00eb e l\u00ebkur\u00ebs (Leather) me nuanca orientale dhe er\u00ebza.<br \/>\n\u2022 E fuqishme dhe e q\u00ebndrueshme, e p\u00ebrshtatshme p\u00ebr mbr\u00ebmje dhe p\u00ebr stin\u00ebt e vjesht\u00ebs dhe dimrit.<\/p>\n<p>\u2022Q\u00ebndrueshm\u00ebria shum\u00eb e lart\u00eb \u2013 q\u00ebndron p\u00ebr or\u00eb t\u00eb t\u00ebra n\u00eb l\u00ebkur\u00eb dhe veshje.<\/p>\n","protected":false},"excerpt":{"rendered":"<p>Tom Ford &#8211; Ombre Leather UNISEX \u00ebsht\u00eb nj\u00eb arom\u00eb intense, e guximshme dhe elegante, e cila shpreh fuqin\u00eb dhe vet\u00ebbesimin. \u00cbsht\u00eb zgjedhja e duhur p\u00ebr ata q\u00eb duan t\u00eb l\u00ebn\u00eb gjurm\u00eb kudo q\u00eb shkojn\u00eb. Kjo arom\u00eb shpesh p\u00ebrshkruhet si \u201ce pap\u00ebrmbajtshme\u201d dhe \u201cseksi\u201d, e p\u00ebrshtatshme p\u00ebr ata q\u00eb duan t\u00eb dallohen. Arom\u00eb e l\u00ebkur\u00ebs (Leather) [&hellip;]<\/p>\n","protected":false},"featured_media":3976,"template":"","meta":{"_surecart_dashboard_logo_width":"180px","_surecart_dashboard_show_logo":true,"_surecart_dashboard_navigation_orders":true,"_surecart_dashboard_navigation_subscriptions":true,"_surecart_dashboard_navigation_downloads":true,"_surecart_dashboard_navigation_billing":true,"_surecart_dashboard_navigation_account":true,"site-sidebar-layout":"default","site-content-layout":"","ast-site-content-layout":"default","site-content-style":"default","site-sidebar-style":"default","ast-global-header-display":"","ast-banner-title-visibility":"","ast-main-header-display":"","ast-hfb-above-header-display":"","ast-hfb-below-header-display":"","ast-hfb-mobile-header-display":"","site-post-title":"","ast-breadcrumbs-content":"","ast-featured-img":"","footer-sml-layout":"","theme-transparent-header-meta":"default","adv-header-id-meta":"","stick-header-meta":"","header-above-stick-meta":"","header-main-stick-meta":"","header-below-stick-meta":"","astra-migrate-meta-layouts":"set","ast-page-background-enabled":"default","ast-page-background-meta":{"desktop":{"background-color":"var(--ast-global-color-4)","background-image":"","background-repeat":"repeat","background-position":"center center","background-size":"auto","background-attachment":"scroll","background-type":"","background-media":"","overlay-type":"","overlay-color":"","overlay-opacity":"","overlay-gradient":""},"tablet":{"background-color":"","background-image":"","background-repeat":"repeat","background-position":"center center","background-size":"auto","background-attachment":"scroll","background-type":"","background-media":"","overlay-type":"","overlay-color":"","overlay-opacity":"","overlay-gradient":""},"mobile":{"background-color":"","background-image":"","background-repeat":"repeat","background-position":"center center","background-size":"auto","background-attachment":"scroll","background-type":"","background-media":"","overlay-type":"","overlay-color":"","overlay-opacity":"","overlay-gradient":""}},"ast-content-background-meta":{"desktop":{"background-color":"var(--ast-global-color-5)","background-image":"","background-repeat":"repeat","background-position":"center center","background-size":"auto","background-attachment":"scroll","background-type":"","background-media":"","overlay-type":"","overlay-color":"","overlay-opacity":"","overlay-gradient":""},"tablet":{"background-color":"var(--ast-global-color-5)","background-image":"","background-repeat":"repeat","background-position":"center center","background-size":"auto","background-attachment":"scroll","background-type":"","background-media":"","overlay-type":"","overlay-color":"","overlay-opacity":"","overlay-gradient":""},"mobile":{"background-color":"var(--ast-global-color-5)","background-image":"","background-repeat":"repeat","background-position":"center center","background-size":"auto","background-attachment":"scroll","background-type":"","background-media":"","overlay-type":"","overlay-color":"","overlay-opacity":"","overlay-gradient":""}}},"product_brand":[],"product_cat":[39,41,42],"product_tag":[],"class_list":{"0":"post-3966","1":"product","2":"type-product","3":"status-publish","4":"has-post-thumbnail","6":"product_cat-parfume","7":"product_cat-parfume-meshkuj","8":"product_cat-parfume-unisex","9":"desktop-align-left","10":"tablet-align-left","11":"mobile-align-left","13":"first","14":"instock","15":"shipping-taxable","16":"purchasable","17":"product-type-variable"},"_links":{"self":[{"href":"https:\/\/flatrat.shop\/index.php?rest_route=\/wp\/v2\/product\/3966","targetHints":{"allow":["GET"]}}],"collection":[{"href":"https:\/\/flatrat.shop\/index.php?rest_route=\/wp\/v2\/product"}],"about":[{"href":"https:\/\/flatrat.shop\/index.php?rest_route=\/wp\/v2\/types\/product"}],"wp:featuredmedia":[{"embeddable":true,"href":"https:\/\/flatrat.shop\/index.php?rest_route=\/wp\/v2\/media\/3976"}],"wp:attachment":[{"href":"https:\/\/flatrat.shop\/index.php?rest_route=%2Fwp%2Fv2%2Fmedia&parent=3966"}],"wp:term":[{"taxonomy":"product_brand","embeddable":true,"href":"https:\/\/flatrat.shop\/index.php?rest_route=%2Fwp%2Fv2%2Fproduct_brand&post=3966"},{"taxonomy":"product_cat","embeddable":true,"href":"https:\/\/flatrat.shop\/index.php?rest_route=%2Fwp%2Fv2%2Fproduct_cat&post=3966"},{"taxonomy":"product_tag","embeddable":true,"href":"https:\/\/flatrat.shop\/index.php?rest_route=%2Fwp%2Fv2%2Fproduct_tag&post=3966"}],"curies":[{"name":"wp","href":"https:\/\/api.w.org\/{rel}","templated":true}]}}