{"id":2103,"date":"2024-10-28T22:33:17","date_gmt":"2024-10-28T22:33:17","guid":{"rendered":"https:\/\/flatrat.shop\/?post_type=product&#038;p=2103"},"modified":"2025-08-12T17:29:16","modified_gmt":"2025-08-12T17:29:16","slug":"sahara-noir-2","status":"publish","type":"product","link":"https:\/\/flatrat.shop\/?product=sahara-noir-2","title":{"rendered":"Sahara Noir"},"content":{"rendered":"<p>Sahara Noir \u00ebsht\u00eb nj\u00eb arom\u00eb orientale, e pasur dhe e nd\u00ebrlikuar, e frym\u00ebzuar nga misteret e Lindjes s\u00eb Mesme. Temjani dhe labdanumi i japin nj\u00eb karakter t\u00eb thell\u00eb dhe t\u00eb ndjer\u00eb, nd\u00ebrsa er\u00ebzat dhe lule t\u00eb ndryshme e balancojn\u00eb arom\u00ebn me ngroht\u00ebsi dhe eleganc\u00eb. Kjo arom\u00eb \u00ebsht\u00eb ideale p\u00ebr ata q\u00eb k\u00ebrkojn\u00eb di\u00e7ka unike, t\u00eb fuqishme dhe me nj\u00eb prani t\u00eb paharrueshme.<\/p>\n","protected":false},"excerpt":{"rendered":"<p>Sahara Noir \u00ebsht\u00eb nj\u00eb arom\u00eb orientale, e pasur dhe e nd\u00ebrlikuar, e frym\u00ebzuar nga misteret e Lindjes s\u00eb Mesme. Temjani dhe labdanumi i japin nj\u00eb karakter t\u00eb thell\u00eb dhe t\u00eb ndjer\u00eb, nd\u00ebrsa er\u00ebzat dhe lule t\u00eb ndryshme e balancojn\u00eb arom\u00ebn me ngroht\u00ebsi dhe eleganc\u00eb. Kjo arom\u00eb \u00ebsht\u00eb ideale p\u00ebr ata q\u00eb k\u00ebrkojn\u00eb di\u00e7ka unike, t\u00eb [&hellip;]<\/p>\n","protected":false},"featured_media":2092,"template":"","meta":{"_surecart_dashboard_logo_width":"180px","_surecart_dashboard_show_logo":true,"_surecart_dashboard_navigation_orders":true,"_surecart_dashboard_navigation_subscriptions":true,"_surecart_dashboard_navigation_downloads":true,"_surecart_dashboard_navigation_billing":true,"_surecart_dashboard_navigation_account":true,"site-sidebar-layout":"default","site-content-layout":"","ast-site-content-layout":"default","site-content-style":"default","site-sidebar-style":"default","ast-global-header-display":"","ast-banner-title-visibility":"","ast-main-header-display":"","ast-hfb-above-header-display":"","ast-hfb-below-header-display":"","ast-hfb-mobile-header-display":"","site-post-title":"","ast-breadcrumbs-content":"","ast-featured-img":"","footer-sml-layout":"","theme-transparent-header-meta":"default","adv-header-id-meta":"","stick-header-meta":"","header-above-stick-meta":"","header-main-stick-meta":"","header-below-stick-meta":"","astra-migrate-meta-layouts":"set","ast-page-background-enabled":"default","ast-page-background-meta":{"desktop":{"background-color":"var(--ast-global-color-4)","background-image":"","background-repeat":"repeat","background-position":"center center","background-size":"auto","background-attachment":"scroll","background-type":"","background-media":"","overlay-type":"","overlay-color":"","overlay-opacity":"","overlay-gradient":""},"tablet":{"background-color":"","background-image":"","background-repeat":"repeat","background-position":"center center","background-size":"auto","background-attachment":"scroll","background-type":"","background-media":"","overlay-type":"","overlay-color":"","overlay-opacity":"","overlay-gradient":""},"mobile":{"background-color":"","background-image":"","background-repeat":"repeat","background-position":"center center","background-size":"auto","background-attachment":"scroll","background-type":"","background-media":"","overlay-type":"","overlay-color":"","overlay-opacity":"","overlay-gradient":""}},"ast-content-background-meta":{"desktop":{"background-color":"var(--ast-global-color-5)","background-image":"","background-repeat":"repeat","background-position":"center center","background-size":"auto","background-attachment":"scroll","background-type":"","background-media":"","overlay-type":"","overlay-color":"","overlay-opacity":"","overlay-gradient":""},"tablet":{"background-color":"var(--ast-global-color-5)","background-image":"","background-repeat":"repeat","background-position":"center center","background-size":"auto","background-attachment":"scroll","background-type":"","background-media":"","overlay-type":"","overlay-color":"","overlay-opacity":"","overlay-gradient":""},"mobile":{"background-color":"var(--ast-global-color-5)","background-image":"","background-repeat":"repeat","background-position":"center center","background-size":"auto","background-attachment":"scroll","background-type":"","background-media":"","overlay-type":"","overlay-color":"","overlay-opacity":"","overlay-gradient":""}}},"product_brand":[],"product_cat":[39,40],"product_tag":[],"class_list":{"0":"post-2103","1":"product","2":"type-product","3":"status-publish","4":"has-post-thumbnail","6":"product_cat-parfume","7":"product_cat-parfume-femra","8":"desktop-align-left","9":"tablet-align-left","10":"mobile-align-left","12":"first","13":"instock","14":"shipping-taxable","15":"purchasable","16":"product-type-variable"},"_links":{"self":[{"href":"https:\/\/flatrat.shop\/index.php?rest_route=\/wp\/v2\/product\/2103","targetHints":{"allow":["GET"]}}],"collection":[{"href":"https:\/\/flatrat.shop\/index.php?rest_route=\/wp\/v2\/product"}],"about":[{"href":"https:\/\/flatrat.shop\/index.php?rest_route=\/wp\/v2\/types\/product"}],"wp:featuredmedia":[{"embeddable":true,"href":"https:\/\/flatrat.shop\/index.php?rest_route=\/wp\/v2\/media\/2092"}],"wp:attachment":[{"href":"https:\/\/flatrat.shop\/index.php?rest_route=%2Fwp%2Fv2%2Fmedia&parent=2103"}],"wp:term":[{"taxonomy":"product_brand","embeddable":true,"href":"https:\/\/flatrat.shop\/index.php?rest_route=%2Fwp%2Fv2%2Fproduct_brand&post=2103"},{"taxonomy":"product_cat","embeddable":true,"href":"https:\/\/flatrat.shop\/index.php?rest_route=%2Fwp%2Fv2%2Fproduct_cat&post=2103"},{"taxonomy":"product_tag","embeddable":true,"href":"https:\/\/flatrat.shop\/index.php?rest_route=%2Fwp%2Fv2%2Fproduct_tag&post=2103"}],"curies":[{"name":"wp","href":"https:\/\/api.w.org\/{rel}","templated":true}]}}