{"id":1781,"date":"2024-10-19T19:25:16","date_gmt":"2024-10-19T19:25:16","guid":{"rendered":"http:\/\/localhost:8888\/flatrat\/?post_type=product&#038;p=1781"},"modified":"2025-08-12T17:22:33","modified_gmt":"2025-08-12T17:22:33","slug":"sahara-noir","status":"publish","type":"product","link":"https:\/\/flatrat.shop\/?product=sahara-noir","title":{"rendered":"Lost Cherry"},"content":{"rendered":"<p>Lost Cherry (UNISEX) \u00ebsht\u00eb nj\u00eb kombinin i t\u00eb \u00ebmbl\u00ebs me t\u00eb fort\u00ebn, duke krijuar nj\u00eb kontrast shum\u00eb sensual dhe josh\u00ebs. Notat sensuale bashkoh\u00ebn me ato t\u00eb \u00ebmbla duke p\u00ebrfshir\u00eb qershin\u00eb e l\u00ebngshme, likerin e qershis\u00eb me bajamen e hidhur. Nj\u00eb arom\u00eb e thell\u00eb q\u00eb l\u00eb shum\u00eb mbres\u00eb p\u00ebr t\u00eb mos u harruar kurr\u00eb.<\/p>\n","protected":false},"excerpt":{"rendered":"<p>Lost Cherry (UNISEX) \u00ebsht\u00eb nj\u00eb kombinin i t\u00eb \u00ebmbl\u00ebs me t\u00eb fort\u00ebn, duke krijuar nj\u00eb kontrast shum\u00eb sensual dhe josh\u00ebs. Notat sensuale bashkoh\u00ebn me ato t\u00eb \u00ebmbla duke p\u00ebrfshir\u00eb qershin\u00eb e l\u00ebngshme, likerin e qershis\u00eb me bajamen e hidhur. Nj\u00eb arom\u00eb e thell\u00eb q\u00eb l\u00eb shum\u00eb mbres\u00eb p\u00ebr t\u00eb mos u harruar kurr\u00eb.<\/p>\n","protected":false},"featured_media":1816,"template":"","meta":{"_surecart_dashboard_logo_width":"180px","_surecart_dashboard_show_logo":true,"_surecart_dashboard_navigation_orders":true,"_surecart_dashboard_navigation_subscriptions":true,"_surecart_dashboard_navigation_downloads":true,"_surecart_dashboard_navigation_billing":true,"_surecart_dashboard_navigation_account":true,"site-sidebar-layout":"default","site-content-layout":"","ast-site-content-layout":"default","site-content-style":"default","site-sidebar-style":"default","ast-global-header-display":"","ast-banner-title-visibility":"","ast-main-header-display":"","ast-hfb-above-header-display":"","ast-hfb-below-header-display":"","ast-hfb-mobile-header-display":"","site-post-title":"","ast-breadcrumbs-content":"","ast-featured-img":"","footer-sml-layout":"","theme-transparent-header-meta":"default","adv-header-id-meta":"","stick-header-meta":"","header-above-stick-meta":"","header-main-stick-meta":"","header-below-stick-meta":"","astra-migrate-meta-layouts":"set","ast-page-background-enabled":"default","ast-page-background-meta":{"desktop":{"background-color":"var(--ast-global-color-4)","background-image":"","background-repeat":"repeat","background-position":"center center","background-size":"auto","background-attachment":"scroll","background-type":"","background-media":"","overlay-type":"","overlay-color":"","overlay-opacity":"","overlay-gradient":""},"tablet":{"background-color":"","background-image":"","background-repeat":"repeat","background-position":"center center","background-size":"auto","background-attachment":"scroll","background-type":"","background-media":"","overlay-type":"","overlay-color":"","overlay-opacity":"","overlay-gradient":""},"mobile":{"background-color":"","background-image":"","background-repeat":"repeat","background-position":"center center","background-size":"auto","background-attachment":"scroll","background-type":"","background-media":"","overlay-type":"","overlay-color":"","overlay-opacity":"","overlay-gradient":""}},"ast-content-background-meta":{"desktop":{"background-color":"var(--ast-global-color-5)","background-image":"","background-repeat":"repeat","background-position":"center center","background-size":"auto","background-attachment":"scroll","background-type":"","background-media":"","overlay-type":"","overlay-color":"","overlay-opacity":"","overlay-gradient":""},"tablet":{"background-color":"var(--ast-global-color-5)","background-image":"","background-repeat":"repeat","background-position":"center center","background-size":"auto","background-attachment":"scroll","background-type":"","background-media":"","overlay-type":"","overlay-color":"","overlay-opacity":"","overlay-gradient":""},"mobile":{"background-color":"var(--ast-global-color-5)","background-image":"","background-repeat":"repeat","background-position":"center center","background-size":"auto","background-attachment":"scroll","background-type":"","background-media":"","overlay-type":"","overlay-color":"","overlay-opacity":"","overlay-gradient":""}}},"product_brand":[],"product_cat":[40,41,42,47],"product_tag":[],"class_list":{"0":"post-1781","1":"product","2":"type-product","3":"status-publish","4":"has-post-thumbnail","6":"product_cat-parfume-femra","7":"product_cat-parfume-meshkuj","8":"product_cat-parfume-unisex","9":"product_cat-tom-ford","10":"desktop-align-left","11":"tablet-align-left","12":"mobile-align-left","14":"first","15":"instock","16":"shipping-taxable","17":"purchasable","18":"product-type-variable"},"_links":{"self":[{"href":"https:\/\/flatrat.shop\/index.php?rest_route=\/wp\/v2\/product\/1781","targetHints":{"allow":["GET"]}}],"collection":[{"href":"https:\/\/flatrat.shop\/index.php?rest_route=\/wp\/v2\/product"}],"about":[{"href":"https:\/\/flatrat.shop\/index.php?rest_route=\/wp\/v2\/types\/product"}],"wp:featuredmedia":[{"embeddable":true,"href":"https:\/\/flatrat.shop\/index.php?rest_route=\/wp\/v2\/media\/1816"}],"wp:attachment":[{"href":"https:\/\/flatrat.shop\/index.php?rest_route=%2Fwp%2Fv2%2Fmedia&parent=1781"}],"wp:term":[{"taxonomy":"product_brand","embeddable":true,"href":"https:\/\/flatrat.shop\/index.php?rest_route=%2Fwp%2Fv2%2Fproduct_brand&post=1781"},{"taxonomy":"product_cat","embeddable":true,"href":"https:\/\/flatrat.shop\/index.php?rest_route=%2Fwp%2Fv2%2Fproduct_cat&post=1781"},{"taxonomy":"product_tag","embeddable":true,"href":"https:\/\/flatrat.shop\/index.php?rest_route=%2Fwp%2Fv2%2Fproduct_tag&post=1781"}],"curies":[{"name":"wp","href":"https:\/\/api.w.org\/{rel}","templated":true}]}}